{"id":61,"date":"2020-05-14T12:58:54","date_gmt":"2020-05-14T12:58:54","guid":{"rendered":"https:\/\/annaderiga.com\/homepage\/"},"modified":"2025-09-19T14:45:44","modified_gmt":"2025-09-19T14:45:44","slug":"inicio","status":"publish","type":"page","link":"https:\/\/old.annaderiga.com\/en_us\/","title":{"rendered":"Home"},"content":{"rendered":"<div class=\"wp-block-cover aligncenter is-light\" style=\"min-height:155px;aspect-ratio:unset;\"><span aria-hidden=\"true\" class=\"wp-block-cover__background has-background-dim-100 has-background-dim\" style=\"background-color:#fcfcfc\"><\/span><div class=\"wp-block-cover__inner-container is-layout-flow wp-block-cover-is-layout-flow\">\n<div class=\"wp-block-buttons is-content-justification-center is-layout-flex wp-container-core-buttons-is-layout-16018d1d wp-block-buttons-is-layout-flex\">\n<div class=\"wp-block-button is-style-fill\"><a class=\"wp-block-button__link has-text-color has-background has-link-color wp-element-button\" href=\"https:\/\/old.annaderiga.com\/en_us\/about\/\" style=\"color:#a61b1f;background-color:#ebeeef\"><mark style=\"background-color:rgba(0, 0, 0, 0)\" class=\"has-inline-color has-vivid-red-color\">A<\/mark>bout the Artist<\/a><\/div>\n<\/div>\n\n\n\n<p><\/p>\n<\/div><\/div>\n\n\n\n<div class=\"wp-block-media-text alignwide has-media-on-the-right\"><div class=\"wp-block-media-text__content\">\n<h1 class=\"wp-block-heading has-text-align-center\"><mark style=\"background-color:rgba(0, 0, 0, 0)\" class=\"has-inline-color has-vivid-red-color\"><em>original<\/em><\/mark><\/h1>\n<\/div><figure class=\"wp-block-media-text__media\"><a href=\"https:\/\/www.instagram.com\/p\/CmPUOrGN95_\/?utm_source=ig_web_copy_link\" target=\"_blank\" rel=\"noopener noreferrer\"><img fetchpriority=\"high\" decoding=\"async\" width=\"1024\" height=\"836\" src=\"https:\/\/old.annaderiga.com\/wp-content\/uploads\/2020\/07\/Reflection-of-Ancientry-2-1024x836.png\" alt=\"\" class=\"wp-image-108 size-full\" srcset=\"https:\/\/old.annaderiga.com\/wp-content\/uploads\/2020\/07\/Reflection-of-Ancientry-2-1024x836.png 1024w, https:\/\/old.annaderiga.com\/wp-content\/uploads\/2020\/07\/Reflection-of-Ancientry-2-600x490.png 600w, https:\/\/old.annaderiga.com\/wp-content\/uploads\/2020\/07\/Reflection-of-Ancientry-2-300x245.png 300w, https:\/\/old.annaderiga.com\/wp-content\/uploads\/2020\/07\/Reflection-of-Ancientry-2-768x627.png 768w, https:\/\/old.annaderiga.com\/wp-content\/uploads\/2020\/07\/Reflection-of-Ancientry-2-1536x1253.png 1536w, https:\/\/old.annaderiga.com\/wp-content\/uploads\/2020\/07\/Reflection-of-Ancientry-2.png 1864w\" sizes=\"(max-width: 1024px) 100vw, 1024px\" \/><\/a><\/figure><\/div>\n\n\n\n<div class=\"wp-block-media-text alignwide\"><figure class=\"wp-block-media-text__media\"><a href=\"https:\/\/www.instagram.com\/p\/BYwStqWnr-Y\/?utm_source=ig_web_copy_link\" target=\"_blank\" rel=\"noopener\"><img decoding=\"async\" width=\"1015\" height=\"1024\" src=\"https:\/\/old.annaderiga.com\/wp-content\/uploads\/2020\/07\/Valencia-Norte-3-1015x1024.png\" alt=\"\" class=\"wp-image-110 size-full\" srcset=\"https:\/\/old.annaderiga.com\/wp-content\/uploads\/2020\/07\/Valencia-Norte-3-1015x1024.png 1015w, https:\/\/old.annaderiga.com\/wp-content\/uploads\/2020\/07\/Valencia-Norte-3-600x606.png 600w, https:\/\/old.annaderiga.com\/wp-content\/uploads\/2020\/07\/Valencia-Norte-3-100x100.png 100w, https:\/\/old.annaderiga.com\/wp-content\/uploads\/2020\/07\/Valencia-Norte-3-297x300.png 297w, https:\/\/old.annaderiga.com\/wp-content\/uploads\/2020\/07\/Valencia-Norte-3-150x150.png 150w, https:\/\/old.annaderiga.com\/wp-content\/uploads\/2020\/07\/Valencia-Norte-3-768x775.png 768w, https:\/\/old.annaderiga.com\/wp-content\/uploads\/2020\/07\/Valencia-Norte-3-1522x1536.png 1522w, https:\/\/old.annaderiga.com\/wp-content\/uploads\/2020\/07\/Valencia-Norte-3.png 1741w\" sizes=\"(max-width: 1015px) 100vw, 1015px\" \/><\/a><\/figure><div class=\"wp-block-media-text__content\">\n<h1 class=\"wp-block-heading has-text-align-center\"><em><mark style=\"background-color:rgba(0, 0, 0, 0)\" class=\"has-inline-color has-vivid-red-color\"><a href=\"https:\/\/old.annaderiga.com\/en_us\/artwork\/\">artworks<\/a><\/mark><\/em><\/h1>\n<\/div><\/div>\n\n\n\n<div class=\"wp-block-media-text alignwide has-media-on-the-right\"><div class=\"wp-block-media-text__content\">\n<p class=\"has-text-align-center has-vivid-red-color has-text-color has-large-font-size\"><em><strong>to love<\/strong><\/em><\/p>\n<\/div><figure class=\"wp-block-media-text__media\"><a href=\"https:\/\/www.instagram.com\/p\/CH07li3I7bm\/?utm_source=ig_web_copy_link\" target=\"_blank\" rel=\"noopener\"><img decoding=\"async\" width=\"744\" height=\"1024\" src=\"https:\/\/old.annaderiga.com\/wp-content\/uploads\/2020\/06\/Hi-How-are-you-744x1024.jpg\" alt=\"\" class=\"wp-image-94 size-full\" srcset=\"https:\/\/old.annaderiga.com\/wp-content\/uploads\/2020\/06\/Hi-How-are-you-744x1024.jpg 744w, https:\/\/old.annaderiga.com\/wp-content\/uploads\/2020\/06\/Hi-How-are-you-scaled-600x826.jpg 600w, https:\/\/old.annaderiga.com\/wp-content\/uploads\/2020\/06\/Hi-How-are-you-218x300.jpg 218w, https:\/\/old.annaderiga.com\/wp-content\/uploads\/2020\/06\/Hi-How-are-you-768x1057.jpg 768w, https:\/\/old.annaderiga.com\/wp-content\/uploads\/2020\/06\/Hi-How-are-you-1116x1536.jpg 1116w, https:\/\/old.annaderiga.com\/wp-content\/uploads\/2020\/06\/Hi-How-are-you-1488x2048.jpg 1488w, https:\/\/old.annaderiga.com\/wp-content\/uploads\/2020\/06\/Hi-How-are-you-scaled.jpg 1859w\" sizes=\"(max-width: 744px) 100vw, 744px\" \/><\/a><\/figure><\/div>\n\n\n\n<div class=\"wp-block-group\"><div class=\"wp-block-group__inner-container is-layout-flow wp-block-group-is-layout-flow\">\n<div class=\"wp-block-cover is-light is-position-center-center\" style=\"min-height:77px;aspect-ratio:unset;\"><span aria-hidden=\"true\" class=\"wp-block-cover__background has-background-dim-100 has-background-dim\" style=\"background-color:#fcfcfc\"><\/span><div class=\"wp-block-cover__inner-container is-layout-flow wp-block-cover-is-layout-flow\">\n<div class=\"wp-block-button aligncenter\"><a class=\"wp-block-button__link has-very-light-gray-background-color has-text-color has-background has-link-color wp-element-button\" href=\"https:\/\/old.annaderiga.com\/en_us\/artwork\/\" style=\"color:#a61b1f\">Artworks<\/a><\/div>\n\n\n\n<p><\/p>\n<\/div><\/div>\n<\/div><\/div>\n\n\n\n<figure class=\"wp-block-gallery has-nested-images columns-default is-cropped wp-block-gallery-1 is-layout-flex wp-block-gallery-is-layout-flex\">\n<figure class=\"wp-block-image size-large\"><img loading=\"lazy\" decoding=\"async\" width=\"1678\" height=\"1112\" data-id=\"154\" src=\"https:\/\/old.annaderiga.com\/wp-content\/uploads\/2020\/09\/1.-Silencio-por-faovr-150x100-1.jpg\" alt=\"\" class=\"wp-image-154\" srcset=\"https:\/\/old.annaderiga.com\/wp-content\/uploads\/2020\/09\/1.-Silencio-por-faovr-150x100-1.jpg 1678w, https:\/\/old.annaderiga.com\/wp-content\/uploads\/2020\/09\/1.-Silencio-por-faovr-150x100-1-600x398.jpg 600w\" sizes=\"(max-width: 1678px) 100vw, 1678px\" \/><figcaption class=\"wp-element-caption\"><a href=\"https:\/\/www.instagram.com\/p\/CCv2XVVoZnU\/?utm_source=ig_web_copy_link\" target=\"_blank\" rel=\"noreferrer noopener\"><span class=\"has-inline-color has-white-color\">Silence, Please! | oil on canvas, iron-fix &amp; led | 150 x 100<\/span><\/a><\/figcaption><\/figure>\n<\/figure>\n\n\n\n<blockquote class=\"wp-block-quote has-text-align-right is-style-default has-black-color has-text-color has-link-color wp-elements-994b94bb5c58f1eb86f43624de2b6f2e is-layout-flow wp-block-quote-is-layout-flow\">\n<p><\/p>\n<cite>Artist' is taken to mean any person who creates or gives\u00a0creative expression\u00a0to, or\u00a0re-creates works of art,\u00a0who considers his artistic creation to be an essential part of his life,\u00a0who contributes in this way to the development of art and culture\u00a0and who is or asks to be recognized as an artist, whether or not he is bound by any relations of employment or association.<br><br>&#8211; <em>International definition of UNESCO according to its <strong>Recommendation Concerning the Status of the Artist<\/strong>, drafted in Belgrade on October 27, 1980.<\/em><\/cite><\/blockquote>\n\n\n\n<div style=\"height:100px\" aria-hidden=\"true\" class=\"wp-block-spacer\"><\/div>\n\n\n<div class=\"wp-block-image\">\n<figure class=\"aligncenter size-full\"><img loading=\"lazy\" decoding=\"async\" width=\"1024\" height=\"119\" src=\"https:\/\/old.annaderiga.com\/wp-content\/uploads\/2025\/02\/logo-digitalizadores-2048x238-1-1024x119-2.png\" alt=\"\" class=\"wp-image-708\" srcset=\"https:\/\/old.annaderiga.com\/wp-content\/uploads\/2025\/02\/logo-digitalizadores-2048x238-1-1024x119-2.png 1024w, https:\/\/old.annaderiga.com\/wp-content\/uploads\/2025\/02\/logo-digitalizadores-2048x238-1-1024x119-2-300x35.png 300w, https:\/\/old.annaderiga.com\/wp-content\/uploads\/2025\/02\/logo-digitalizadores-2048x238-1-1024x119-2-768x89.png 768w, https:\/\/old.annaderiga.com\/wp-content\/uploads\/2025\/02\/logo-digitalizadores-2048x238-1-1024x119-2-600x70.png 600w\" sizes=\"(max-width: 1024px) 100vw, 1024px\" \/><\/figure>\n<\/div>","protected":false},"excerpt":{"rendered":"<p>original artworks to love Se entiende por \u201cartista\u201d toda persona que crea, da expresi\u00f3n creativa o recrea obras de arte, que considera su creaci\u00f3n art\u00edstica como una parte esencial de su vida, que contribuye de esta manera al desarrollo del &hellip; <\/p>\n<div class=\"read-more\"><a href=\"https:\/\/old.annaderiga.com\/en_us\/\" class=\"more-link\">Read More<\/a><\/div>","protected":false},"author":1,"featured_media":0,"parent":0,"menu_order":0,"comment_status":"closed","ping_status":"closed","template":"","meta":{"footnotes":""},"class_list":["post-61","page","type-page","status-publish","hentry","entry"],"_links":{"self":[{"href":"https:\/\/old.annaderiga.com\/en_us\/wp-json\/wp\/v2\/pages\/61","targetHints":{"allow":["GET"]}}],"collection":[{"href":"https:\/\/old.annaderiga.com\/en_us\/wp-json\/wp\/v2\/pages"}],"about":[{"href":"https:\/\/old.annaderiga.com\/en_us\/wp-json\/wp\/v2\/types\/page"}],"author":[{"embeddable":true,"href":"https:\/\/old.annaderiga.com\/en_us\/wp-json\/wp\/v2\/users\/1"}],"replies":[{"embeddable":true,"href":"https:\/\/old.annaderiga.com\/en_us\/wp-json\/wp\/v2\/comments?post=61"}],"version-history":[{"count":77,"href":"https:\/\/old.annaderiga.com\/en_us\/wp-json\/wp\/v2\/pages\/61\/revisions"}],"predecessor-version":[{"id":787,"href":"https:\/\/old.annaderiga.com\/en_us\/wp-json\/wp\/v2\/pages\/61\/revisions\/787"}],"wp:attachment":[{"href":"https:\/\/old.annaderiga.com\/en_us\/wp-json\/wp\/v2\/media?parent=61"}],"curies":[{"name":"wp","href":"https:\/\/api.w.org\/{rel}","templated":true}]}}